{"id":473,"date":"2022-04-29T17:37:26","date_gmt":"2022-04-29T17:37:26","guid":{"rendered":"http:\/\/alejandrofinocchiaro.com\/?page_id=473"},"modified":"2022-05-02T18:25:01","modified_gmt":"2022-05-02T18:25:01","slug":"educacion-y-trabajo","status":"publish","type":"page","link":"https:\/\/alejandrofinocchiaro.com\/index.php\/educacion-y-trabajo\/","title":{"rendered":"Educaci\u00f3n y Trabajo"},"content":{"rendered":"\t\t<div data-elementor-type=\"wp-page\" data-elementor-id=\"473\" class=\"elementor elementor-473\">\n\t\t\t\t\t\t\t\t\t<section class=\"elementor-section elementor-top-section elementor-element elementor-element-7c3aafaf elementor-section-boxed elementor-section-height-default elementor-section-height-default\" data-id=\"7c3aafaf\" data-element_type=\"section\">\n\t\t\t\t\t\t<div class=\"elementor-container elementor-column-gap-default\">\n\t\t\t\t\t<div class=\"elementor-column elementor-col-50 elementor-top-column elementor-element elementor-element-1935d08a\" data-id=\"1935d08a\" data-element_type=\"column\">\n\t\t\t<div class=\"elementor-widget-wrap elementor-element-populated\">\n\t\t\t\t\t\t\t\t<div class=\"elementor-element elementor-element-2516948b elementor-widget elementor-widget-image\" data-id=\"2516948b\" data-element_type=\"widget\" data-widget_type=\"image.default\">\n\t\t\t\t<div class=\"elementor-widget-container\">\n\t\t\t<style>\/*! elementor - v3.12.1 - 02-04-2023 *\/\n.elementor-widget-image{text-align:center}.elementor-widget-image a{display:inline-block}.elementor-widget-image a img[src$=\".svg\"]{width:48px}.elementor-widget-image img{vertical-align:middle;display:inline-block}<\/style>\t\t\t\t\t\t\t\t\t\t\t\t<img decoding=\"async\" width=\"300\" height=\"300\" src=\"https:\/\/alejandrofinocchiaro.com\/wp-content\/uploads\/2022\/04\/Ale-votando-en-La-Matanza-300x300.jpg\" class=\"attachment-medium size-medium wp-image-380\" alt=\"\" loading=\"lazy\" srcset=\"https:\/\/alejandrofinocchiaro.com\/wp-content\/uploads\/2022\/04\/Ale-votando-en-La-Matanza-300x300.jpg 300w, https:\/\/alejandrofinocchiaro.com\/wp-content\/uploads\/2022\/04\/Ale-votando-en-La-Matanza-150x150.jpg 150w, https:\/\/alejandrofinocchiaro.com\/wp-content\/uploads\/2022\/04\/Ale-votando-en-La-Matanza-768x768.jpg 768w, https:\/\/alejandrofinocchiaro.com\/wp-content\/uploads\/2022\/04\/Ale-votando-en-La-Matanza.jpg 930w\" sizes=\"(max-width: 300px) 100vw, 300px\" \/>\t\t\t\t\t\t\t\t\t\t\t\t\t\t\t<\/div>\n\t\t\t\t<\/div>\n\t\t\t\t\t<\/div>\n\t\t<\/div>\n\t\t\t\t<div class=\"elementor-column elementor-col-50 elementor-top-column elementor-element elementor-element-72b3d5db\" data-id=\"72b3d5db\" data-element_type=\"column\">\n\t\t\t<div class=\"elementor-widget-wrap elementor-element-populated\">\n\t\t\t\t\t\t\t\t<div class=\"elementor-element elementor-element-14132a57 elementor-widget elementor-widget-heading\" data-id=\"14132a57\" data-element_type=\"widget\" data-widget_type=\"heading.default\">\n\t\t\t\t<div class=\"elementor-widget-container\">\n\t\t\t<style>\/*! elementor - v3.12.1 - 02-04-2023 *\/\n.elementor-heading-title{padding:0;margin:0;line-height:1}.elementor-widget-heading .elementor-heading-title[class*=elementor-size-]>a{color:inherit;font-size:inherit;line-height:inherit}.elementor-widget-heading .elementor-heading-title.elementor-size-small{font-size:15px}.elementor-widget-heading .elementor-heading-title.elementor-size-medium{font-size:19px}.elementor-widget-heading .elementor-heading-title.elementor-size-large{font-size:29px}.elementor-widget-heading .elementor-heading-title.elementor-size-xl{font-size:39px}.elementor-widget-heading .elementor-heading-title.elementor-size-xxl{font-size:59px}<\/style><h2 class=\"elementor-heading-title elementor-size-default\">Educaci\u00f3n<br>y Trabajo<\/h2>\t\t<\/div>\n\t\t\t\t<\/div>\n\t\t\t\t<div class=\"elementor-element elementor-element-352a3b51 elementor-widget elementor-widget-text-editor\" data-id=\"352a3b51\" data-element_type=\"widget\" data-widget_type=\"text-editor.default\">\n\t\t\t\t<div class=\"elementor-widget-container\">\n\t\t\t<style>\/*! elementor - v3.12.1 - 02-04-2023 *\/\n.elementor-widget-text-editor.elementor-drop-cap-view-stacked .elementor-drop-cap{background-color:#69727d;color:#fff}.elementor-widget-text-editor.elementor-drop-cap-view-framed .elementor-drop-cap{color:#69727d;border:3px solid;background-color:transparent}.elementor-widget-text-editor:not(.elementor-drop-cap-view-default) .elementor-drop-cap{margin-top:8px}.elementor-widget-text-editor:not(.elementor-drop-cap-view-default) .elementor-drop-cap-letter{width:1em;height:1em}.elementor-widget-text-editor .elementor-drop-cap{float:left;text-align:center;line-height:1;font-size:50px}.elementor-widget-text-editor .elementor-drop-cap-letter{display:inline-block}<\/style>\t\t\t\t<p>La educaci\u00f3n en la Argentina requiere de una profunda transformaci\u00f3n para adaptarla a los requerimientos que exige el Siglo XXI. Trabajar en proyectos en forma interdisciplinaria, colaborativa y que esa escuela pueda relacionarse con el mundo de la producci\u00f3n, del trabajo y de la universidad. Y una vez terminada la universidad, de nuevo con el mundo del trabajo y la producci\u00f3n. Hay que establecer un sistema de becas que induzca a los chicos a estudiar carreras en \u00e1reas de conocimiento vacante, que son las que necesitan el sistema productivo argentino: hay que formar menos abogados y contadores y m\u00e1s ingenieros y enfermeros.<\/p>\t\t\t\t\t\t<\/div>\n\t\t\t\t<\/div>\n\t\t\t\t\t<\/div>\n\t\t<\/div>\n\t\t\t\t\t\t\t<\/div>\n\t\t<\/section>\n\t\t\t\t<section class=\"elementor-section elementor-top-section elementor-element elementor-element-69ffbc8d elementor-section-boxed elementor-section-height-default elementor-section-height-default\" data-id=\"69ffbc8d\" data-element_type=\"section\">\n\t\t\t\t\t\t<div class=\"elementor-container elementor-column-gap-default\">\n\t\t\t\t\t<div class=\"elementor-column elementor-col-50 elementor-top-column elementor-element elementor-element-64f1c4c0\" data-id=\"64f1c4c0\" data-element_type=\"column\">\n\t\t\t<div class=\"elementor-widget-wrap\">\n\t\t\t\t\t\t\t\t\t<\/div>\n\t\t<\/div>\n\t\t\t\t<div class=\"elementor-column elementor-col-50 elementor-top-column elementor-element elementor-element-23dfcf88\" data-id=\"23dfcf88\" data-element_type=\"column\">\n\t\t\t<div class=\"elementor-widget-wrap elementor-element-populated\">\n\t\t\t\t\t\t\t\t<div class=\"elementor-element elementor-element-5b066121 elementor-widget elementor-widget-heading\" data-id=\"5b066121\" data-element_type=\"widget\" data-widget_type=\"heading.default\">\n\t\t\t\t<div class=\"elementor-widget-container\">\n\t\t\t<h2 class=\"elementor-heading-title elementor-size-default\">\u00a1vos cont\u00e1s!<\/h2>\t\t<\/div>\n\t\t\t\t<\/div>\n\t\t\t\t<div class=\"elementor-element elementor-element-74bc0df1 elementor-widget elementor-widget-heading\" data-id=\"74bc0df1\" data-element_type=\"widget\" data-widget_type=\"heading.default\">\n\t\t\t\t<div class=\"elementor-widget-container\">\n\t\t\t<h3 class=\"elementor-heading-title elementor-size-default\">dejanos tu opini\u00f3n, inquietud o reclamo.<\/h3>\t\t<\/div>\n\t\t\t\t<\/div>\n\t\t\t\t<div class=\"elementor-element elementor-element-44b6945b elementor-widget elementor-widget-wpforms\" data-id=\"44b6945b\" data-element_type=\"widget\" data-widget_type=\"wpforms.default\">\n\t\t\t\t<div class=\"elementor-widget-container\">\n\t\t\t<div class=\"wpforms-container \" id=\"wpforms-23\"><form id=\"wpforms-form-23\" class=\"wpforms-validate wpforms-form\" data-formid=\"23\" method=\"post\" enctype=\"multipart\/form-data\" action=\"\/index.php\/wp-json\/wp\/v2\/pages\/473\" data-token=\"d35979b1959aa0b410791d08eb0f620c\"><noscript class=\"wpforms-error-noscript\">Por favor, activa JavaScript en tu navegador para completar este formulario.<\/noscript><div class=\"wpforms-field-container\"><div id=\"wpforms-23-field_3-container\" class=\"wpforms-field wpforms-field-name\" data-field-id=\"3\"><label class=\"wpforms-field-label wpforms-label-hide\" for=\"wpforms-23-field_3\">Nombre <span class=\"wpforms-required-label\">*<\/span><\/label><input type=\"text\" id=\"wpforms-23-field_3\" class=\"wpforms-field-large wpforms-field-required\" name=\"wpforms[fields][3]\" placeholder=\"Nombre\" required><\/div><div id=\"wpforms-23-field_4-container\" class=\"wpforms-field wpforms-field-name\" data-field-id=\"4\"><label class=\"wpforms-field-label wpforms-label-hide\" for=\"wpforms-23-field_4\">Tel\u00e9fono <span class=\"wpforms-required-label\">*<\/span><\/label><input type=\"text\" id=\"wpforms-23-field_4\" class=\"wpforms-field-large wpforms-field-required\" name=\"wpforms[fields][4]\" placeholder=\"Tel\u00e9fono\" required><\/div><div id=\"wpforms-23-field_1-container\" class=\"wpforms-field wpforms-field-email\" data-field-id=\"1\"><label class=\"wpforms-field-label wpforms-label-hide\" for=\"wpforms-23-field_1\">Email <span class=\"wpforms-required-label\">*<\/span><\/label><input type=\"email\" id=\"wpforms-23-field_1\" class=\"wpforms-field-large wpforms-field-required\" name=\"wpforms[fields][1]\" placeholder=\"Email\" spellcheck=\"false\" required><\/div><div id=\"wpforms-23-field_5-container\" class=\"wpforms-field wpforms-field-textarea\" data-field-id=\"5\"><label class=\"wpforms-field-label wpforms-label-hide\" for=\"wpforms-23-field_5\">Comentario<\/label><textarea id=\"wpforms-23-field_5\" class=\"wpforms-field-medium\" name=\"wpforms[fields][5]\" placeholder=\"Dejanos un mensaje\" ><\/textarea><\/div><\/div><!-- .wpforms-field-container --><div class=\"wpforms-field wpforms-field-hp\"><label for=\"wpforms-23-field-hp\" class=\"wpforms-field-label\">Website<\/label><input type=\"text\" name=\"wpforms[hp]\" id=\"wpforms-23-field-hp\" class=\"wpforms-field-medium\"><\/div><div class=\"wpforms-submit-container\" ><input type=\"hidden\" name=\"wpforms[id]\" value=\"23\"><input type=\"hidden\" name=\"wpforms[author]\" value=\"1\"><button type=\"submit\" name=\"wpforms[submit]\" id=\"wpforms-submit-23\" class=\"wpforms-submit\" data-alt-text=\"Enviando...\" data-submit-text=\"Enviar\" aria-live=\"assertive\" value=\"wpforms-submit\">Enviar<\/button><\/div><\/form><\/div>  <!-- .wpforms-container -->\t\t<\/div>\n\t\t\t\t<\/div>\n\t\t\t\t\t<\/div>\n\t\t<\/div>\n\t\t\t\t\t\t\t<\/div>\n\t\t<\/section>\n\t\t\t\t\t\t\t<\/div>\n\t\t","protected":false},"excerpt":{"rendered":"<p>Educaci\u00f3ny Trabajo La educaci\u00f3n en la Argentina requiere de una profunda transformaci\u00f3n para adaptarla a los requerimientos que exige el Siglo XXI. Trabajar en proyectos en forma interdisciplinaria, colaborativa y que esa escuela pueda relacionarse con el mundo de la producci\u00f3n, del trabajo y de la universidad. Y una vez terminada la universidad, de nuevo &hellip;<\/p>\n<p class=\"read-more\"> <a class=\"\" href=\"https:\/\/alejandrofinocchiaro.com\/index.php\/educacion-y-trabajo\/\"> <span class=\"screen-reader-text\">Educaci\u00f3n y Trabajo<\/span> Leer m\u00e1s &raquo;<\/a><\/p>\n","protected":false},"author":1,"featured_media":0,"parent":0,"menu_order":0,"comment_status":"closed","ping_status":"closed","template":"","meta":{"site-sidebar-layout":"no-sidebar","site-content-layout":"page-builder","ast-global-header-display":"","ast-main-header-display":"","ast-hfb-above-header-display":"","ast-hfb-below-header-display":"","ast-hfb-mobile-header-display":"","site-post-title":"disabled","ast-breadcrumbs-content":"","ast-featured-img":"disabled","footer-sml-layout":"","theme-transparent-header-meta":"","adv-header-id-meta":"","stick-header-meta":"","header-above-stick-meta":"","header-main-stick-meta":"","header-below-stick-meta":""},"yoast_head":"<!-- This site is optimized with the Yoast SEO plugin v18.7 - https:\/\/yoast.com\/wordpress\/plugins\/seo\/ -->\n<title>Educaci\u00f3n y Trabajo - Alejandro Finocchiaro<\/title>\n<meta name=\"robots\" content=\"index, follow, max-snippet:-1, max-image-preview:large, max-video-preview:-1\" \/>\n<link rel=\"canonical\" href=\"https:\/\/alejandrofinocchiaro.com\/index.php\/educacion-y-trabajo\/\" \/>\n<meta property=\"og:locale\" content=\"es_ES\" \/>\n<meta property=\"og:type\" content=\"article\" \/>\n<meta property=\"og:title\" content=\"Educaci\u00f3n y Trabajo - Alejandro Finocchiaro\" \/>\n<meta property=\"og:description\" content=\"Educaci\u00f3ny Trabajo La educaci\u00f3n en la Argentina requiere de una profunda transformaci\u00f3n para adaptarla a los requerimientos que exige el Siglo XXI. Trabajar en proyectos en forma interdisciplinaria, colaborativa y que esa escuela pueda relacionarse con el mundo de la producci\u00f3n, del trabajo y de la universidad. Y una vez terminada la universidad, de nuevo &hellip; Educaci\u00f3n y Trabajo Leer m\u00e1s &raquo;\" \/>\n<meta property=\"og:url\" content=\"https:\/\/alejandrofinocchiaro.com\/index.php\/educacion-y-trabajo\/\" \/>\n<meta property=\"og:site_name\" content=\"Alejandro Finocchiaro\" \/>\n<meta property=\"article:modified_time\" content=\"2022-05-02T18:25:01+00:00\" \/>\n<meta property=\"og:image\" content=\"http:\/\/alejandrofinocchiaro.com\/wp-content\/uploads\/2022\/04\/Ale-votando-en-La-Matanza-300x300.jpg\" \/>\n<meta name=\"twitter:card\" content=\"summary_large_image\" \/>\n<meta name=\"twitter:label1\" content=\"Tiempo de lectura\" \/>\n\t<meta name=\"twitter:data1\" content=\"1 minuto\" \/>\n<script type=\"application\/ld+json\" class=\"yoast-schema-graph\">{\"@context\":\"https:\/\/schema.org\",\"@graph\":[{\"@type\":\"WebSite\",\"@id\":\"https:\/\/alejandrofinocchiaro.com\/#website\",\"url\":\"https:\/\/alejandrofinocchiaro.com\/\",\"name\":\"Alejandro Finocchiaro\",\"description\":\"Soy Alejandro Finocchiaro, pol\u00edtico, docente y un apasionado de la educaci\u00f3n. En diciembre de 2021 fui electo diputado nacional por la provincia de Buenos Aires.\",\"potentialAction\":[{\"@type\":\"SearchAction\",\"target\":{\"@type\":\"EntryPoint\",\"urlTemplate\":\"https:\/\/alejandrofinocchiaro.com\/?s={search_term_string}\"},\"query-input\":\"required name=search_term_string\"}],\"inLanguage\":\"es\"},{\"@type\":\"ImageObject\",\"inLanguage\":\"es\",\"@id\":\"https:\/\/alejandrofinocchiaro.com\/index.php\/educacion-y-trabajo\/#primaryimage\",\"url\":\"https:\/\/alejandrofinocchiaro.com\/wp-content\/uploads\/2022\/04\/Ale-votando-en-La-Matanza.jpg\",\"contentUrl\":\"https:\/\/alejandrofinocchiaro.com\/wp-content\/uploads\/2022\/04\/Ale-votando-en-La-Matanza.jpg\",\"width\":930,\"height\":930},{\"@type\":\"WebPage\",\"@id\":\"https:\/\/alejandrofinocchiaro.com\/index.php\/educacion-y-trabajo\/#webpage\",\"url\":\"https:\/\/alejandrofinocchiaro.com\/index.php\/educacion-y-trabajo\/\",\"name\":\"Educaci\u00f3n y Trabajo - Alejandro Finocchiaro\",\"isPartOf\":{\"@id\":\"https:\/\/alejandrofinocchiaro.com\/#website\"},\"primaryImageOfPage\":{\"@id\":\"https:\/\/alejandrofinocchiaro.com\/index.php\/educacion-y-trabajo\/#primaryimage\"},\"datePublished\":\"2022-04-29T17:37:26+00:00\",\"dateModified\":\"2022-05-02T18:25:01+00:00\",\"breadcrumb\":{\"@id\":\"https:\/\/alejandrofinocchiaro.com\/index.php\/educacion-y-trabajo\/#breadcrumb\"},\"inLanguage\":\"es\",\"potentialAction\":[{\"@type\":\"ReadAction\",\"target\":[\"https:\/\/alejandrofinocchiaro.com\/index.php\/educacion-y-trabajo\/\"]}]},{\"@type\":\"BreadcrumbList\",\"@id\":\"https:\/\/alejandrofinocchiaro.com\/index.php\/educacion-y-trabajo\/#breadcrumb\",\"itemListElement\":[{\"@type\":\"ListItem\",\"position\":1,\"name\":\"Portada\",\"item\":\"https:\/\/alejandrofinocchiaro.com\/\"},{\"@type\":\"ListItem\",\"position\":2,\"name\":\"Educaci\u00f3n y Trabajo\"}]}]}<\/script>\n<!-- \/ Yoast SEO plugin. -->","yoast_head_json":{"title":"Educaci\u00f3n y Trabajo - Alejandro Finocchiaro","robots":{"index":"index","follow":"follow","max-snippet":"max-snippet:-1","max-image-preview":"max-image-preview:large","max-video-preview":"max-video-preview:-1"},"canonical":"https:\/\/alejandrofinocchiaro.com\/index.php\/educacion-y-trabajo\/","og_locale":"es_ES","og_type":"article","og_title":"Educaci\u00f3n y Trabajo - Alejandro Finocchiaro","og_description":"Educaci\u00f3ny Trabajo La educaci\u00f3n en la Argentina requiere de una profunda transformaci\u00f3n para adaptarla a los requerimientos que exige el Siglo XXI. Trabajar en proyectos en forma interdisciplinaria, colaborativa y que esa escuela pueda relacionarse con el mundo de la producci\u00f3n, del trabajo y de la universidad. Y una vez terminada la universidad, de nuevo &hellip; Educaci\u00f3n y Trabajo Leer m\u00e1s &raquo;","og_url":"https:\/\/alejandrofinocchiaro.com\/index.php\/educacion-y-trabajo\/","og_site_name":"Alejandro Finocchiaro","article_modified_time":"2022-05-02T18:25:01+00:00","og_image":[{"url":"http:\/\/alejandrofinocchiaro.com\/wp-content\/uploads\/2022\/04\/Ale-votando-en-La-Matanza-300x300.jpg"}],"twitter_card":"summary_large_image","twitter_misc":{"Tiempo de lectura":"1 minuto"},"schema":{"@context":"https:\/\/schema.org","@graph":[{"@type":"WebSite","@id":"https:\/\/alejandrofinocchiaro.com\/#website","url":"https:\/\/alejandrofinocchiaro.com\/","name":"Alejandro Finocchiaro","description":"Soy Alejandro Finocchiaro, pol\u00edtico, docente y un apasionado de la educaci\u00f3n. En diciembre de 2021 fui electo diputado nacional por la provincia de Buenos Aires.","potentialAction":[{"@type":"SearchAction","target":{"@type":"EntryPoint","urlTemplate":"https:\/\/alejandrofinocchiaro.com\/?s={search_term_string}"},"query-input":"required name=search_term_string"}],"inLanguage":"es"},{"@type":"ImageObject","inLanguage":"es","@id":"https:\/\/alejandrofinocchiaro.com\/index.php\/educacion-y-trabajo\/#primaryimage","url":"https:\/\/alejandrofinocchiaro.com\/wp-content\/uploads\/2022\/04\/Ale-votando-en-La-Matanza.jpg","contentUrl":"https:\/\/alejandrofinocchiaro.com\/wp-content\/uploads\/2022\/04\/Ale-votando-en-La-Matanza.jpg","width":930,"height":930},{"@type":"WebPage","@id":"https:\/\/alejandrofinocchiaro.com\/index.php\/educacion-y-trabajo\/#webpage","url":"https:\/\/alejandrofinocchiaro.com\/index.php\/educacion-y-trabajo\/","name":"Educaci\u00f3n y Trabajo - Alejandro Finocchiaro","isPartOf":{"@id":"https:\/\/alejandrofinocchiaro.com\/#website"},"primaryImageOfPage":{"@id":"https:\/\/alejandrofinocchiaro.com\/index.php\/educacion-y-trabajo\/#primaryimage"},"datePublished":"2022-04-29T17:37:26+00:00","dateModified":"2022-05-02T18:25:01+00:00","breadcrumb":{"@id":"https:\/\/alejandrofinocchiaro.com\/index.php\/educacion-y-trabajo\/#breadcrumb"},"inLanguage":"es","potentialAction":[{"@type":"ReadAction","target":["https:\/\/alejandrofinocchiaro.com\/index.php\/educacion-y-trabajo\/"]}]},{"@type":"BreadcrumbList","@id":"https:\/\/alejandrofinocchiaro.com\/index.php\/educacion-y-trabajo\/#breadcrumb","itemListElement":[{"@type":"ListItem","position":1,"name":"Portada","item":"https:\/\/alejandrofinocchiaro.com\/"},{"@type":"ListItem","position":2,"name":"Educaci\u00f3n y Trabajo"}]}]}},"_links":{"self":[{"href":"https:\/\/alejandrofinocchiaro.com\/index.php\/wp-json\/wp\/v2\/pages\/473"}],"collection":[{"href":"https:\/\/alejandrofinocchiaro.com\/index.php\/wp-json\/wp\/v2\/pages"}],"about":[{"href":"https:\/\/alejandrofinocchiaro.com\/index.php\/wp-json\/wp\/v2\/types\/page"}],"author":[{"embeddable":true,"href":"https:\/\/alejandrofinocchiaro.com\/index.php\/wp-json\/wp\/v2\/users\/1"}],"replies":[{"embeddable":true,"href":"https:\/\/alejandrofinocchiaro.com\/index.php\/wp-json\/wp\/v2\/comments?post=473"}],"version-history":[{"count":7,"href":"https:\/\/alejandrofinocchiaro.com\/index.php\/wp-json\/wp\/v2\/pages\/473\/revisions"}],"predecessor-version":[{"id":719,"href":"https:\/\/alejandrofinocchiaro.com\/index.php\/wp-json\/wp\/v2\/pages\/473\/revisions\/719"}],"wp:attachment":[{"href":"https:\/\/alejandrofinocchiaro.com\/index.php\/wp-json\/wp\/v2\/media?parent=473"}],"curies":[{"name":"wp","href":"https:\/\/api.w.org\/{rel}","templated":true}]}}