{"id":468,"date":"2022-04-29T17:35:53","date_gmt":"2022-04-29T17:35:53","guid":{"rendered":"http:\/\/alejandrofinocchiaro.com\/?page_id=468"},"modified":"2022-05-02T18:24:34","modified_gmt":"2022-05-02T18:24:34","slug":"seguridad-y-orden","status":"publish","type":"page","link":"https:\/\/alejandrofinocchiaro.com\/index.php\/seguridad-y-orden\/","title":{"rendered":"Seguridad y Orden"},"content":{"rendered":"\t\t<div data-elementor-type=\"wp-page\" data-elementor-id=\"468\" class=\"elementor elementor-468\">\n\t\t\t\t\t\t\t\t\t<section class=\"elementor-section elementor-top-section elementor-element elementor-element-433ecead elementor-section-boxed elementor-section-height-default elementor-section-height-default\" data-id=\"433ecead\" data-element_type=\"section\">\n\t\t\t\t\t\t<div class=\"elementor-container elementor-column-gap-default\">\n\t\t\t\t\t<div class=\"elementor-column elementor-col-50 elementor-top-column elementor-element elementor-element-2f5981bb\" data-id=\"2f5981bb\" data-element_type=\"column\">\n\t\t\t<div class=\"elementor-widget-wrap elementor-element-populated\">\n\t\t\t\t\t\t\t\t<div class=\"elementor-element elementor-element-b74f565 elementor-widget elementor-widget-image\" data-id=\"b74f565\" data-element_type=\"widget\" data-widget_type=\"image.default\">\n\t\t\t\t<div class=\"elementor-widget-container\">\n\t\t\t<style>\/*! elementor - v3.12.1 - 02-04-2023 *\/\n.elementor-widget-image{text-align:center}.elementor-widget-image a{display:inline-block}.elementor-widget-image a img[src$=\".svg\"]{width:48px}.elementor-widget-image img{vertical-align:middle;display:inline-block}<\/style>\t\t\t\t\t\t\t\t\t\t\t\t<img decoding=\"async\" width=\"300\" height=\"300\" src=\"https:\/\/alejandrofinocchiaro.com\/wp-content\/uploads\/2022\/04\/Ale-votando-en-La-Matanza-300x300.jpg\" class=\"attachment-medium size-medium wp-image-380\" alt=\"\" loading=\"lazy\" srcset=\"https:\/\/alejandrofinocchiaro.com\/wp-content\/uploads\/2022\/04\/Ale-votando-en-La-Matanza-300x300.jpg 300w, https:\/\/alejandrofinocchiaro.com\/wp-content\/uploads\/2022\/04\/Ale-votando-en-La-Matanza-150x150.jpg 150w, https:\/\/alejandrofinocchiaro.com\/wp-content\/uploads\/2022\/04\/Ale-votando-en-La-Matanza-768x768.jpg 768w, https:\/\/alejandrofinocchiaro.com\/wp-content\/uploads\/2022\/04\/Ale-votando-en-La-Matanza.jpg 930w\" sizes=\"(max-width: 300px) 100vw, 300px\" \/>\t\t\t\t\t\t\t\t\t\t\t\t\t\t\t<\/div>\n\t\t\t\t<\/div>\n\t\t\t\t\t<\/div>\n\t\t<\/div>\n\t\t\t\t<div class=\"elementor-column elementor-col-50 elementor-top-column elementor-element elementor-element-32543d82\" data-id=\"32543d82\" data-element_type=\"column\">\n\t\t\t<div class=\"elementor-widget-wrap elementor-element-populated\">\n\t\t\t\t\t\t\t\t<div class=\"elementor-element elementor-element-6eb673dc elementor-widget elementor-widget-heading\" data-id=\"6eb673dc\" data-element_type=\"widget\" data-widget_type=\"heading.default\">\n\t\t\t\t<div class=\"elementor-widget-container\">\n\t\t\t<style>\/*! elementor - v3.12.1 - 02-04-2023 *\/\n.elementor-heading-title{padding:0;margin:0;line-height:1}.elementor-widget-heading .elementor-heading-title[class*=elementor-size-]>a{color:inherit;font-size:inherit;line-height:inherit}.elementor-widget-heading .elementor-heading-title.elementor-size-small{font-size:15px}.elementor-widget-heading .elementor-heading-title.elementor-size-medium{font-size:19px}.elementor-widget-heading .elementor-heading-title.elementor-size-large{font-size:29px}.elementor-widget-heading .elementor-heading-title.elementor-size-xl{font-size:39px}.elementor-widget-heading .elementor-heading-title.elementor-size-xxl{font-size:59px}<\/style><h2 class=\"elementor-heading-title elementor-size-default\">Seguridad y Orden<\/h2>\t\t<\/div>\n\t\t\t\t<\/div>\n\t\t\t\t<div class=\"elementor-element elementor-element-472f973c elementor-widget elementor-widget-text-editor\" data-id=\"472f973c\" data-element_type=\"widget\" data-widget_type=\"text-editor.default\">\n\t\t\t\t<div class=\"elementor-widget-container\">\n\t\t\t<style>\/*! elementor - v3.12.1 - 02-04-2023 *\/\n.elementor-widget-text-editor.elementor-drop-cap-view-stacked .elementor-drop-cap{background-color:#69727d;color:#fff}.elementor-widget-text-editor.elementor-drop-cap-view-framed .elementor-drop-cap{color:#69727d;border:3px solid;background-color:transparent}.elementor-widget-text-editor:not(.elementor-drop-cap-view-default) .elementor-drop-cap{margin-top:8px}.elementor-widget-text-editor:not(.elementor-drop-cap-view-default) .elementor-drop-cap-letter{width:1em;height:1em}.elementor-widget-text-editor .elementor-drop-cap{float:left;text-align:center;line-height:1;font-size:50px}.elementor-widget-text-editor .elementor-drop-cap-letter{display:inline-block}<\/style>\t\t\t\t<p>Para combatir la inseguridad hace falta una sola cosa: decisi\u00f3n pol\u00edtica para enfrentar el delito. Es imprescindible que las autoridades abandonen la especulaci\u00f3n electoral y se dediquen a la responsabilidad que la ciudadan\u00eda les otorg\u00f3. No hay bander\u00edas pol\u00edticas en este reclamo. Nadie vive tranquilo con sus seres queridos en estas calles liberadas.<\/p>\t\t\t\t\t\t<\/div>\n\t\t\t\t<\/div>\n\t\t\t\t\t<\/div>\n\t\t<\/div>\n\t\t\t\t\t\t\t<\/div>\n\t\t<\/section>\n\t\t\t\t<section class=\"elementor-section elementor-top-section elementor-element elementor-element-181930e4 elementor-section-boxed elementor-section-height-default elementor-section-height-default\" data-id=\"181930e4\" data-element_type=\"section\">\n\t\t\t\t\t\t<div class=\"elementor-container elementor-column-gap-default\">\n\t\t\t\t\t<div class=\"elementor-column elementor-col-50 elementor-top-column elementor-element elementor-element-313f9cad\" data-id=\"313f9cad\" data-element_type=\"column\">\n\t\t\t<div class=\"elementor-widget-wrap\">\n\t\t\t\t\t\t\t\t\t<\/div>\n\t\t<\/div>\n\t\t\t\t<div class=\"elementor-column elementor-col-50 elementor-top-column elementor-element elementor-element-7949a0c6\" data-id=\"7949a0c6\" data-element_type=\"column\">\n\t\t\t<div class=\"elementor-widget-wrap elementor-element-populated\">\n\t\t\t\t\t\t\t\t<div class=\"elementor-element elementor-element-62af189e elementor-widget elementor-widget-heading\" data-id=\"62af189e\" data-element_type=\"widget\" data-widget_type=\"heading.default\">\n\t\t\t\t<div class=\"elementor-widget-container\">\n\t\t\t<h2 class=\"elementor-heading-title elementor-size-default\">\u00a1vos cont\u00e1s!<\/h2>\t\t<\/div>\n\t\t\t\t<\/div>\n\t\t\t\t<div class=\"elementor-element elementor-element-3c0e93c5 elementor-widget elementor-widget-heading\" data-id=\"3c0e93c5\" data-element_type=\"widget\" data-widget_type=\"heading.default\">\n\t\t\t\t<div class=\"elementor-widget-container\">\n\t\t\t<h3 class=\"elementor-heading-title elementor-size-default\">dejanos tu opini\u00f3n, inquietud o reclamo.<\/h3>\t\t<\/div>\n\t\t\t\t<\/div>\n\t\t\t\t<div class=\"elementor-element elementor-element-44405c82 elementor-widget elementor-widget-wpforms\" data-id=\"44405c82\" data-element_type=\"widget\" data-widget_type=\"wpforms.default\">\n\t\t\t\t<div class=\"elementor-widget-container\">\n\t\t\t<div class=\"wpforms-container \" id=\"wpforms-23\"><form id=\"wpforms-form-23\" class=\"wpforms-validate wpforms-form\" data-formid=\"23\" method=\"post\" enctype=\"multipart\/form-data\" action=\"\/index.php\/wp-json\/wp\/v2\/pages\/468\" data-token=\"7b802d012b738cb220875e5804b83368\"><noscript class=\"wpforms-error-noscript\">Por favor, activa JavaScript en tu navegador para completar este formulario.<\/noscript><div class=\"wpforms-field-container\"><div id=\"wpforms-23-field_3-container\" class=\"wpforms-field wpforms-field-name\" data-field-id=\"3\"><label class=\"wpforms-field-label wpforms-label-hide\" for=\"wpforms-23-field_3\">Nombre <span class=\"wpforms-required-label\">*<\/span><\/label><input type=\"text\" id=\"wpforms-23-field_3\" class=\"wpforms-field-large wpforms-field-required\" name=\"wpforms[fields][3]\" placeholder=\"Nombre\" required><\/div><div id=\"wpforms-23-field_4-container\" class=\"wpforms-field wpforms-field-name\" data-field-id=\"4\"><label class=\"wpforms-field-label wpforms-label-hide\" for=\"wpforms-23-field_4\">Tel\u00e9fono <span class=\"wpforms-required-label\">*<\/span><\/label><input type=\"text\" id=\"wpforms-23-field_4\" class=\"wpforms-field-large wpforms-field-required\" name=\"wpforms[fields][4]\" placeholder=\"Tel\u00e9fono\" required><\/div><div id=\"wpforms-23-field_1-container\" class=\"wpforms-field wpforms-field-email\" data-field-id=\"1\"><label class=\"wpforms-field-label wpforms-label-hide\" for=\"wpforms-23-field_1\">Email <span class=\"wpforms-required-label\">*<\/span><\/label><input type=\"email\" id=\"wpforms-23-field_1\" class=\"wpforms-field-large wpforms-field-required\" name=\"wpforms[fields][1]\" placeholder=\"Email\" spellcheck=\"false\" required><\/div><div id=\"wpforms-23-field_5-container\" class=\"wpforms-field wpforms-field-textarea\" data-field-id=\"5\"><label class=\"wpforms-field-label wpforms-label-hide\" for=\"wpforms-23-field_5\">Comentario<\/label><textarea id=\"wpforms-23-field_5\" class=\"wpforms-field-medium\" name=\"wpforms[fields][5]\" placeholder=\"Dejanos un mensaje\" ><\/textarea><\/div><\/div><!-- .wpforms-field-container --><div class=\"wpforms-field wpforms-field-hp\"><label for=\"wpforms-23-field-hp\" class=\"wpforms-field-label\">Comment<\/label><input type=\"text\" name=\"wpforms[hp]\" id=\"wpforms-23-field-hp\" class=\"wpforms-field-medium\"><\/div><div class=\"wpforms-submit-container\" ><input type=\"hidden\" name=\"wpforms[id]\" value=\"23\"><input type=\"hidden\" name=\"wpforms[author]\" value=\"1\"><button type=\"submit\" name=\"wpforms[submit]\" id=\"wpforms-submit-23\" class=\"wpforms-submit\" data-alt-text=\"Enviando...\" data-submit-text=\"Enviar\" aria-live=\"assertive\" value=\"wpforms-submit\">Enviar<\/button><\/div><\/form><\/div>  <!-- .wpforms-container -->\t\t<\/div>\n\t\t\t\t<\/div>\n\t\t\t\t\t<\/div>\n\t\t<\/div>\n\t\t\t\t\t\t\t<\/div>\n\t\t<\/section>\n\t\t\t\t\t\t\t<\/div>\n\t\t","protected":false},"excerpt":{"rendered":"<p>Seguridad y Orden Para combatir la inseguridad hace falta una sola cosa: decisi\u00f3n pol\u00edtica para enfrentar el delito. Es imprescindible que las autoridades abandonen la especulaci\u00f3n electoral y se dediquen a la responsabilidad que la ciudadan\u00eda les otorg\u00f3. No hay bander\u00edas pol\u00edticas en este reclamo. Nadie vive tranquilo con sus seres queridos en estas calles &hellip;<\/p>\n<p class=\"read-more\"> <a class=\"\" href=\"https:\/\/alejandrofinocchiaro.com\/index.php\/seguridad-y-orden\/\"> <span class=\"screen-reader-text\">Seguridad y Orden<\/span> Leer m\u00e1s &raquo;<\/a><\/p>\n","protected":false},"author":1,"featured_media":0,"parent":0,"menu_order":0,"comment_status":"closed","ping_status":"closed","template":"","meta":{"site-sidebar-layout":"no-sidebar","site-content-layout":"page-builder","ast-global-header-display":"","ast-main-header-display":"","ast-hfb-above-header-display":"","ast-hfb-below-header-display":"","ast-hfb-mobile-header-display":"","site-post-title":"disabled","ast-breadcrumbs-content":"","ast-featured-img":"disabled","footer-sml-layout":"","theme-transparent-header-meta":"","adv-header-id-meta":"","stick-header-meta":"","header-above-stick-meta":"","header-main-stick-meta":"","header-below-stick-meta":""},"yoast_head":"<!-- This site is optimized with the Yoast SEO plugin v18.7 - https:\/\/yoast.com\/wordpress\/plugins\/seo\/ -->\n<title>Seguridad y Orden - Alejandro Finocchiaro<\/title>\n<meta name=\"robots\" content=\"index, follow, max-snippet:-1, max-image-preview:large, max-video-preview:-1\" \/>\n<link rel=\"canonical\" href=\"https:\/\/alejandrofinocchiaro.com\/index.php\/seguridad-y-orden\/\" \/>\n<meta property=\"og:locale\" content=\"es_ES\" \/>\n<meta property=\"og:type\" content=\"article\" \/>\n<meta property=\"og:title\" content=\"Seguridad y Orden - Alejandro Finocchiaro\" \/>\n<meta property=\"og:description\" content=\"Seguridad y Orden Para combatir la inseguridad hace falta una sola cosa: decisi\u00f3n pol\u00edtica para enfrentar el delito. Es imprescindible que las autoridades abandonen la especulaci\u00f3n electoral y se dediquen a la responsabilidad que la ciudadan\u00eda les otorg\u00f3. No hay bander\u00edas pol\u00edticas en este reclamo. Nadie vive tranquilo con sus seres queridos en estas calles &hellip; Seguridad y Orden Leer m\u00e1s &raquo;\" \/>\n<meta property=\"og:url\" content=\"https:\/\/alejandrofinocchiaro.com\/index.php\/seguridad-y-orden\/\" \/>\n<meta property=\"og:site_name\" content=\"Alejandro Finocchiaro\" \/>\n<meta property=\"article:modified_time\" content=\"2022-05-02T18:24:34+00:00\" \/>\n<meta property=\"og:image\" content=\"http:\/\/alejandrofinocchiaro.com\/wp-content\/uploads\/2022\/04\/Ale-votando-en-La-Matanza-300x300.jpg\" \/>\n<meta name=\"twitter:card\" content=\"summary_large_image\" \/>\n<script type=\"application\/ld+json\" class=\"yoast-schema-graph\">{\"@context\":\"https:\/\/schema.org\",\"@graph\":[{\"@type\":\"WebSite\",\"@id\":\"https:\/\/alejandrofinocchiaro.com\/#website\",\"url\":\"https:\/\/alejandrofinocchiaro.com\/\",\"name\":\"Alejandro Finocchiaro\",\"description\":\"Soy Alejandro Finocchiaro, pol\u00edtico, docente y un apasionado de la educaci\u00f3n. En diciembre de 2021 fui electo diputado nacional por la provincia de Buenos Aires.\",\"potentialAction\":[{\"@type\":\"SearchAction\",\"target\":{\"@type\":\"EntryPoint\",\"urlTemplate\":\"https:\/\/alejandrofinocchiaro.com\/?s={search_term_string}\"},\"query-input\":\"required name=search_term_string\"}],\"inLanguage\":\"es\"},{\"@type\":\"ImageObject\",\"inLanguage\":\"es\",\"@id\":\"https:\/\/alejandrofinocchiaro.com\/index.php\/seguridad-y-orden\/#primaryimage\",\"url\":\"https:\/\/alejandrofinocchiaro.com\/wp-content\/uploads\/2022\/04\/Ale-votando-en-La-Matanza.jpg\",\"contentUrl\":\"https:\/\/alejandrofinocchiaro.com\/wp-content\/uploads\/2022\/04\/Ale-votando-en-La-Matanza.jpg\",\"width\":930,\"height\":930},{\"@type\":\"WebPage\",\"@id\":\"https:\/\/alejandrofinocchiaro.com\/index.php\/seguridad-y-orden\/#webpage\",\"url\":\"https:\/\/alejandrofinocchiaro.com\/index.php\/seguridad-y-orden\/\",\"name\":\"Seguridad y Orden - Alejandro Finocchiaro\",\"isPartOf\":{\"@id\":\"https:\/\/alejandrofinocchiaro.com\/#website\"},\"primaryImageOfPage\":{\"@id\":\"https:\/\/alejandrofinocchiaro.com\/index.php\/seguridad-y-orden\/#primaryimage\"},\"datePublished\":\"2022-04-29T17:35:53+00:00\",\"dateModified\":\"2022-05-02T18:24:34+00:00\",\"breadcrumb\":{\"@id\":\"https:\/\/alejandrofinocchiaro.com\/index.php\/seguridad-y-orden\/#breadcrumb\"},\"inLanguage\":\"es\",\"potentialAction\":[{\"@type\":\"ReadAction\",\"target\":[\"https:\/\/alejandrofinocchiaro.com\/index.php\/seguridad-y-orden\/\"]}]},{\"@type\":\"BreadcrumbList\",\"@id\":\"https:\/\/alejandrofinocchiaro.com\/index.php\/seguridad-y-orden\/#breadcrumb\",\"itemListElement\":[{\"@type\":\"ListItem\",\"position\":1,\"name\":\"Portada\",\"item\":\"https:\/\/alejandrofinocchiaro.com\/\"},{\"@type\":\"ListItem\",\"position\":2,\"name\":\"Seguridad y Orden\"}]}]}<\/script>\n<!-- \/ Yoast SEO plugin. -->","yoast_head_json":{"title":"Seguridad y Orden - Alejandro Finocchiaro","robots":{"index":"index","follow":"follow","max-snippet":"max-snippet:-1","max-image-preview":"max-image-preview:large","max-video-preview":"max-video-preview:-1"},"canonical":"https:\/\/alejandrofinocchiaro.com\/index.php\/seguridad-y-orden\/","og_locale":"es_ES","og_type":"article","og_title":"Seguridad y Orden - Alejandro Finocchiaro","og_description":"Seguridad y Orden Para combatir la inseguridad hace falta una sola cosa: decisi\u00f3n pol\u00edtica para enfrentar el delito. Es imprescindible que las autoridades abandonen la especulaci\u00f3n electoral y se dediquen a la responsabilidad que la ciudadan\u00eda les otorg\u00f3. No hay bander\u00edas pol\u00edticas en este reclamo. Nadie vive tranquilo con sus seres queridos en estas calles &hellip; Seguridad y Orden Leer m\u00e1s &raquo;","og_url":"https:\/\/alejandrofinocchiaro.com\/index.php\/seguridad-y-orden\/","og_site_name":"Alejandro Finocchiaro","article_modified_time":"2022-05-02T18:24:34+00:00","og_image":[{"url":"http:\/\/alejandrofinocchiaro.com\/wp-content\/uploads\/2022\/04\/Ale-votando-en-La-Matanza-300x300.jpg"}],"twitter_card":"summary_large_image","schema":{"@context":"https:\/\/schema.org","@graph":[{"@type":"WebSite","@id":"https:\/\/alejandrofinocchiaro.com\/#website","url":"https:\/\/alejandrofinocchiaro.com\/","name":"Alejandro Finocchiaro","description":"Soy Alejandro Finocchiaro, pol\u00edtico, docente y un apasionado de la educaci\u00f3n. En diciembre de 2021 fui electo diputado nacional por la provincia de Buenos Aires.","potentialAction":[{"@type":"SearchAction","target":{"@type":"EntryPoint","urlTemplate":"https:\/\/alejandrofinocchiaro.com\/?s={search_term_string}"},"query-input":"required name=search_term_string"}],"inLanguage":"es"},{"@type":"ImageObject","inLanguage":"es","@id":"https:\/\/alejandrofinocchiaro.com\/index.php\/seguridad-y-orden\/#primaryimage","url":"https:\/\/alejandrofinocchiaro.com\/wp-content\/uploads\/2022\/04\/Ale-votando-en-La-Matanza.jpg","contentUrl":"https:\/\/alejandrofinocchiaro.com\/wp-content\/uploads\/2022\/04\/Ale-votando-en-La-Matanza.jpg","width":930,"height":930},{"@type":"WebPage","@id":"https:\/\/alejandrofinocchiaro.com\/index.php\/seguridad-y-orden\/#webpage","url":"https:\/\/alejandrofinocchiaro.com\/index.php\/seguridad-y-orden\/","name":"Seguridad y Orden - Alejandro Finocchiaro","isPartOf":{"@id":"https:\/\/alejandrofinocchiaro.com\/#website"},"primaryImageOfPage":{"@id":"https:\/\/alejandrofinocchiaro.com\/index.php\/seguridad-y-orden\/#primaryimage"},"datePublished":"2022-04-29T17:35:53+00:00","dateModified":"2022-05-02T18:24:34+00:00","breadcrumb":{"@id":"https:\/\/alejandrofinocchiaro.com\/index.php\/seguridad-y-orden\/#breadcrumb"},"inLanguage":"es","potentialAction":[{"@type":"ReadAction","target":["https:\/\/alejandrofinocchiaro.com\/index.php\/seguridad-y-orden\/"]}]},{"@type":"BreadcrumbList","@id":"https:\/\/alejandrofinocchiaro.com\/index.php\/seguridad-y-orden\/#breadcrumb","itemListElement":[{"@type":"ListItem","position":1,"name":"Portada","item":"https:\/\/alejandrofinocchiaro.com\/"},{"@type":"ListItem","position":2,"name":"Seguridad y Orden"}]}]}},"_links":{"self":[{"href":"https:\/\/alejandrofinocchiaro.com\/index.php\/wp-json\/wp\/v2\/pages\/468"}],"collection":[{"href":"https:\/\/alejandrofinocchiaro.com\/index.php\/wp-json\/wp\/v2\/pages"}],"about":[{"href":"https:\/\/alejandrofinocchiaro.com\/index.php\/wp-json\/wp\/v2\/types\/page"}],"author":[{"embeddable":true,"href":"https:\/\/alejandrofinocchiaro.com\/index.php\/wp-json\/wp\/v2\/users\/1"}],"replies":[{"embeddable":true,"href":"https:\/\/alejandrofinocchiaro.com\/index.php\/wp-json\/wp\/v2\/comments?post=468"}],"version-history":[{"count":7,"href":"https:\/\/alejandrofinocchiaro.com\/index.php\/wp-json\/wp\/v2\/pages\/468\/revisions"}],"predecessor-version":[{"id":716,"href":"https:\/\/alejandrofinocchiaro.com\/index.php\/wp-json\/wp\/v2\/pages\/468\/revisions\/716"}],"wp:attachment":[{"href":"https:\/\/alejandrofinocchiaro.com\/index.php\/wp-json\/wp\/v2\/media?parent=468"}],"curies":[{"name":"wp","href":"https:\/\/api.w.org\/{rel}","templated":true}]}}